{"id":7,"date":"2015-03-18T22:40:18","date_gmt":"2015-03-18T21:40:18","guid":{"rendered":"https:\/\/www.berndwertz.be\/de\/?page_id=7"},"modified":"2015-05-04T12:48:38","modified_gmt":"2015-05-04T11:48:38","slug":"impressum","status":"publish","type":"page","link":"https:\/\/www.berndwertz.be\/de\/impressum\/","title":{"rendered":"Impressum"},"content":{"rendered":"<p>Impressum<\/p>\n<p>Copyright \u00a9 Bernd Wertz<\/p>\n<p>Alle Rechte Vorbehalten<\/p>\n<p>Verantwortlicher Herausgeber:<\/p>\n<p>Bernd Wertz<\/p>\n<p>106 Rue de Limbourg<\/p>\n<p>B-4800 Verviers<\/p>\n<p>Tel.: +32 (0)478 337632<\/p>\n<p>E-Mail: info[at]berndwertz.be<\/p>\n<p>MwSt: BE 0650.378.169<\/p>\n<p>Konzept &amp; Realisation der Webseite: schroeder.j@mac.com<\/p>\n<p>Hinweis:<\/p>\n<p>Text, Bilder, Grafiken, Sound, Animationen und Videos sowie deren Anordnung auf dieser Website unterliegen dem Schutz des Urheberrechts und anderer Schutzgesetze. Der Inhalt dieser Website darf nicht zu kommerziellen Zwecken kopiert, verbreitet, ver\u00e4ndert oder Dritten zug\u00e4nglich gemacht werden.<\/p>\n<p>Diese Website wurde mit gr\u00f6\u00dftm\u00f6glicher Sorgfalt zusammengestellt. Trotzdem k\u00f6nnen der verantwortliche Herausgeber und die Produzenten f\u00fcr die Fehlerfreiheit und Genauigkeit der enthaltenen Informationen nicht garantieren. Sie schlie\u00dfen jegliche Haftung f\u00fcr Sch\u00e4den, die direkt oder indirekt aus der Benutzung dieser Website entstehen, aus.<\/p>\n<p>Nutzungsrechte:<\/p>\n<p>Das in der Website enthaltene geistige Eigentum ist gesch\u00fctzt. Durch die Ver\u00f6ffentlichung dieser Website erteilen die Produzenten keine Lizenz zur Nutzung dieses Eigentums an Dritte. Die Produzenten k\u00f6nnen nicht f\u00fcr den durch den Kunden und dessen Redakteure eingepflegten bzw. zur Verf\u00fcgung gestellten Inhalte (Texte, Bilder, Links inklusive Nutzungsrechte) verantwortlich gemacht werden.<\/p>\n","protected":false},"excerpt":{"rendered":"<p>Impressum Copyright \u00a9 Bernd Wertz Alle Rechte Vorbehalten Verantwortlicher Herausgeber: Bernd Wertz 106 Rue de Limbourg B-4800 Verviers Tel.: +32 (0)478 337632 E-Mail: info[at]berndwertz.be MwSt: BE 0650.378.169 Konzept &amp; Realisation der Webseite: schroeder.j@mac.com Hinweis: Text, Bilder, Grafiken, Sound, Animationen und Videos sowie deren Anordnung auf dieser Website unterliegen dem Schutz des Urheberrechts und anderer Schutzgesetze. [&hellip;]<\/p>\n","protected":false},"author":1,"featured_media":0,"parent":0,"menu_order":0,"comment_status":"open","ping_status":"open","template":"content-page.php","meta":{"ngg_post_thumbnail":0},"yoast_head":"<!-- This site is optimized with the Yoast SEO plugin v18.3 - https:\/\/yoast.com\/wordpress\/plugins\/seo\/ -->\n<title>Impressum - Bernd Wertz<\/title>\n<meta name=\"robots\" content=\"index, follow, max-snippet:-1, max-image-preview:large, max-video-preview:-1\" \/>\n<link rel=\"canonical\" href=\"https:\/\/www.berndwertz.be\/de\/impressum\/\" \/>\n<meta property=\"og:locale\" content=\"de_DE\" \/>\n<meta property=\"og:type\" content=\"article\" \/>\n<meta property=\"og:title\" content=\"Impressum - Bernd Wertz\" \/>\n<meta property=\"og:description\" content=\"Impressum Copyright \u00a9 Bernd Wertz Alle Rechte Vorbehalten Verantwortlicher Herausgeber: Bernd Wertz 106 Rue de Limbourg B-4800 Verviers Tel.: +32 (0)478 337632 E-Mail: info[at]berndwertz.be MwSt: BE 0650.378.169 Konzept &amp; Realisation der Webseite: schroeder.j@mac.com Hinweis: Text, Bilder, Grafiken, Sound, Animationen und Videos sowie deren Anordnung auf dieser Website unterliegen dem Schutz des Urheberrechts und anderer Schutzgesetze. [&hellip;]\" \/>\n<meta property=\"og:url\" content=\"https:\/\/www.berndwertz.be\/de\/impressum\/\" \/>\n<meta property=\"og:site_name\" content=\"Bernd Wertz\" \/>\n<meta property=\"article:modified_time\" content=\"2015-05-04T11:48:38+00:00\" \/>\n<meta name=\"twitter:card\" content=\"summary\" \/>\n<meta name=\"twitter:label1\" content=\"Gesch\u00e4tzte Lesezeit\" \/>\n\t<meta name=\"twitter:data1\" content=\"1\u00a0Minute\" \/>\n<script type=\"application\/ld+json\" class=\"yoast-schema-graph\">{\"@context\":\"https:\/\/schema.org\",\"@graph\":[{\"@type\":\"Organization\",\"@id\":\"https:\/\/www.berndwertz.be\/de\/#organization\",\"name\":\"Bernd Wertz\",\"url\":\"https:\/\/www.berndwertz.be\/de\/\",\"sameAs\":[],\"logo\":{\"@type\":\"ImageObject\",\"@id\":\"https:\/\/www.berndwertz.be\/de\/#logo\",\"inLanguage\":\"de\",\"url\":\"https:\/\/www.berndwertz.be\/de\/wp-content\/uploads\/sites\/3\/2015\/08\/colonne.png\",\"contentUrl\":\"https:\/\/www.berndwertz.be\/de\/wp-content\/uploads\/sites\/3\/2015\/08\/colonne.png\",\"width\":140,\"height\":140,\"caption\":\"Bernd Wertz\"},\"image\":{\"@id\":\"https:\/\/www.berndwertz.be\/de\/#logo\"}},{\"@type\":\"WebSite\",\"@id\":\"https:\/\/www.berndwertz.be\/de\/#website\",\"url\":\"https:\/\/www.berndwertz.be\/de\/\",\"name\":\"Bernd Wertz\",\"description\":\"Bernd Wertz - Mobilier\",\"publisher\":{\"@id\":\"https:\/\/www.berndwertz.be\/de\/#organization\"},\"potentialAction\":[{\"@type\":\"SearchAction\",\"target\":{\"@type\":\"EntryPoint\",\"urlTemplate\":\"https:\/\/www.berndwertz.be\/de\/?s={search_term_string}\"},\"query-input\":\"required name=search_term_string\"}],\"inLanguage\":\"de\"},{\"@type\":\"WebPage\",\"@id\":\"https:\/\/www.berndwertz.be\/de\/impressum\/#webpage\",\"url\":\"https:\/\/www.berndwertz.be\/de\/impressum\/\",\"name\":\"Impressum - Bernd Wertz\",\"isPartOf\":{\"@id\":\"https:\/\/www.berndwertz.be\/de\/#website\"},\"datePublished\":\"2015-03-18T21:40:18+00:00\",\"dateModified\":\"2015-05-04T11:48:38+00:00\",\"breadcrumb\":{\"@id\":\"https:\/\/www.berndwertz.be\/de\/impressum\/#breadcrumb\"},\"inLanguage\":\"de\",\"potentialAction\":[{\"@type\":\"ReadAction\",\"target\":[\"https:\/\/www.berndwertz.be\/de\/impressum\/\"]}]},{\"@type\":\"BreadcrumbList\",\"@id\":\"https:\/\/www.berndwertz.be\/de\/impressum\/#breadcrumb\",\"itemListElement\":[{\"@type\":\"ListItem\",\"position\":1,\"name\":\"Home\",\"item\":\"https:\/\/www.berndwertz.be\/de\/\"},{\"@type\":\"ListItem\",\"position\":2,\"name\":\"Impressum\"}]}]}<\/script>\n<!-- \/ Yoast SEO plugin. -->","yoast_head_json":{"title":"Impressum - Bernd Wertz","robots":{"index":"index","follow":"follow","max-snippet":"max-snippet:-1","max-image-preview":"max-image-preview:large","max-video-preview":"max-video-preview:-1"},"canonical":"https:\/\/www.berndwertz.be\/de\/impressum\/","og_locale":"de_DE","og_type":"article","og_title":"Impressum - Bernd Wertz","og_description":"Impressum Copyright \u00a9 Bernd Wertz Alle Rechte Vorbehalten Verantwortlicher Herausgeber: Bernd Wertz 106 Rue de Limbourg B-4800 Verviers Tel.: +32 (0)478 337632 E-Mail: info[at]berndwertz.be MwSt: BE 0650.378.169 Konzept &amp; Realisation der Webseite: schroeder.j@mac.com Hinweis: Text, Bilder, Grafiken, Sound, Animationen und Videos sowie deren Anordnung auf dieser Website unterliegen dem Schutz des Urheberrechts und anderer Schutzgesetze. [&hellip;]","og_url":"https:\/\/www.berndwertz.be\/de\/impressum\/","og_site_name":"Bernd Wertz","article_modified_time":"2015-05-04T11:48:38+00:00","twitter_card":"summary","twitter_misc":{"Gesch\u00e4tzte Lesezeit":"1\u00a0Minute"},"schema":{"@context":"https:\/\/schema.org","@graph":[{"@type":"Organization","@id":"https:\/\/www.berndwertz.be\/de\/#organization","name":"Bernd Wertz","url":"https:\/\/www.berndwertz.be\/de\/","sameAs":[],"logo":{"@type":"ImageObject","@id":"https:\/\/www.berndwertz.be\/de\/#logo","inLanguage":"de","url":"https:\/\/www.berndwertz.be\/de\/wp-content\/uploads\/sites\/3\/2015\/08\/colonne.png","contentUrl":"https:\/\/www.berndwertz.be\/de\/wp-content\/uploads\/sites\/3\/2015\/08\/colonne.png","width":140,"height":140,"caption":"Bernd Wertz"},"image":{"@id":"https:\/\/www.berndwertz.be\/de\/#logo"}},{"@type":"WebSite","@id":"https:\/\/www.berndwertz.be\/de\/#website","url":"https:\/\/www.berndwertz.be\/de\/","name":"Bernd Wertz","description":"Bernd Wertz - Mobilier","publisher":{"@id":"https:\/\/www.berndwertz.be\/de\/#organization"},"potentialAction":[{"@type":"SearchAction","target":{"@type":"EntryPoint","urlTemplate":"https:\/\/www.berndwertz.be\/de\/?s={search_term_string}"},"query-input":"required name=search_term_string"}],"inLanguage":"de"},{"@type":"WebPage","@id":"https:\/\/www.berndwertz.be\/de\/impressum\/#webpage","url":"https:\/\/www.berndwertz.be\/de\/impressum\/","name":"Impressum - Bernd Wertz","isPartOf":{"@id":"https:\/\/www.berndwertz.be\/de\/#website"},"datePublished":"2015-03-18T21:40:18+00:00","dateModified":"2015-05-04T11:48:38+00:00","breadcrumb":{"@id":"https:\/\/www.berndwertz.be\/de\/impressum\/#breadcrumb"},"inLanguage":"de","potentialAction":[{"@type":"ReadAction","target":["https:\/\/www.berndwertz.be\/de\/impressum\/"]}]},{"@type":"BreadcrumbList","@id":"https:\/\/www.berndwertz.be\/de\/impressum\/#breadcrumb","itemListElement":[{"@type":"ListItem","position":1,"name":"Home","item":"https:\/\/www.berndwertz.be\/de\/"},{"@type":"ListItem","position":2,"name":"Impressum"}]}]}},"_links":{"self":[{"href":"https:\/\/www.berndwertz.be\/de\/wp-json\/wp\/v2\/pages\/7"}],"collection":[{"href":"https:\/\/www.berndwertz.be\/de\/wp-json\/wp\/v2\/pages"}],"about":[{"href":"https:\/\/www.berndwertz.be\/de\/wp-json\/wp\/v2\/types\/page"}],"author":[{"embeddable":true,"href":"https:\/\/www.berndwertz.be\/de\/wp-json\/wp\/v2\/users\/1"}],"replies":[{"embeddable":true,"href":"https:\/\/www.berndwertz.be\/de\/wp-json\/wp\/v2\/comments?post=7"}],"version-history":[{"count":4,"href":"https:\/\/www.berndwertz.be\/de\/wp-json\/wp\/v2\/pages\/7\/revisions"}],"predecessor-version":[{"id":78,"href":"https:\/\/www.berndwertz.be\/de\/wp-json\/wp\/v2\/pages\/7\/revisions\/78"}],"wp:attachment":[{"href":"https:\/\/www.berndwertz.be\/de\/wp-json\/wp\/v2\/media?parent=7"}],"curies":[{"name":"wp","href":"https:\/\/api.w.org\/{rel}","templated":true}]}}